{"id":84,"date":"2021-09-19T19:32:32","date_gmt":"2021-09-19T17:32:32","guid":{"rendered":"https:\/\/florianlelay.ovh\/?page_id=84"},"modified":"2021-09-19T19:32:33","modified_gmt":"2021-09-19T17:32:33","slug":"mes-creations","status":"publish","type":"page","link":"https:\/\/florianlelay.ovh\/index.php\/mes-creations\/","title":{"rendered":"Mes Cr\u00e9ations"},"content":{"rendered":"\n<h2>Jouets b\u00e9b\u00e9 et doudou<\/h2>\n\n\n\n<figure class=\"wp-block-gallery columns-3 is-cropped\"><ul class=\"blocks-gallery-grid\"><li class=\"blocks-gallery-item\"><figure><img loading=\"lazy\" width=\"768\" height=\"1024\" src=\"https:\/\/florianlelay.ovh\/wp-content\/uploads\/2021\/09\/jouet1-1-768x1024.jpg\" alt=\"\" data-id=\"85\" data-full-url=\"https:\/\/florianlelay.ovh\/wp-content\/uploads\/2021\/09\/jouet1-1-scaled.jpg\" data-link=\"https:\/\/florianlelay.ovh\/?attachment_id=85\" class=\"wp-image-85\" srcset=\"https:\/\/florianlelay.ovh\/wp-content\/uploads\/2021\/09\/jouet1-1-768x1024.jpg 768w, https:\/\/florianlelay.ovh\/wp-content\/uploads\/2021\/09\/jouet1-1-225x300.jpg 225w, https:\/\/florianlelay.ovh\/wp-content\/uploads\/2021\/09\/jouet1-1-1152x1536.jpg 1152w, https:\/\/florianlelay.ovh\/wp-content\/uploads\/2021\/09\/jouet1-1-1536x2048.jpg 1536w, https:\/\/florianlelay.ovh\/wp-content\/uploads\/2021\/09\/jouet1-1-scaled.jpg 1920w\" sizes=\"(max-width: 768px) 100vw, 768px\" \/><\/figure><\/li><li class=\"blocks-gallery-item\"><figure><img loading=\"lazy\" width=\"1024\" height=\"768\" src=\"https:\/\/florianlelay.ovh\/wp-content\/uploads\/2021\/09\/jouet2-1-1024x768.jpg\" alt=\"\" data-id=\"90\" data-full-url=\"https:\/\/florianlelay.ovh\/wp-content\/uploads\/2021\/09\/jouet2-1-scaled.jpg\" data-link=\"https:\/\/florianlelay.ovh\/?attachment_id=90\" class=\"wp-image-90\" srcset=\"https:\/\/florianlelay.ovh\/wp-content\/uploads\/2021\/09\/jouet2-1-1024x768.jpg 1024w, https:\/\/florianlelay.ovh\/wp-content\/uploads\/2021\/09\/jouet2-1-300x225.jpg 300w, https:\/\/florianlelay.ovh\/wp-content\/uploads\/2021\/09\/jouet2-1-768x576.jpg 768w, https:\/\/florianlelay.ovh\/wp-content\/uploads\/2021\/09\/jouet2-1-1536x1152.jpg 1536w, https:\/\/florianlelay.ovh\/wp-content\/uploads\/2021\/09\/jouet2-1-2048x1536.jpg 2048w\" sizes=\"(max-width: 1024px) 100vw, 1024px\" \/><\/figure><\/li><li class=\"blocks-gallery-item\"><figure><img loading=\"lazy\" width=\"768\" height=\"1024\" src=\"https:\/\/florianlelay.ovh\/wp-content\/uploads\/2021\/09\/jouet3-1-768x1024.jpg\" alt=\"\" data-id=\"94\" data-full-url=\"https:\/\/florianlelay.ovh\/wp-content\/uploads\/2021\/09\/jouet3-1-scaled.jpg\" data-link=\"https:\/\/florianlelay.ovh\/?attachment_id=94\" class=\"wp-image-94\" srcset=\"https:\/\/florianlelay.ovh\/wp-content\/uploads\/2021\/09\/jouet3-1-768x1024.jpg 768w, https:\/\/florianlelay.ovh\/wp-content\/uploads\/2021\/09\/jouet3-1-225x300.jpg 225w, https:\/\/florianlelay.ovh\/wp-content\/uploads\/2021\/09\/jouet3-1-1152x1536.jpg 1152w, https:\/\/florianlelay.ovh\/wp-content\/uploads\/2021\/09\/jouet3-1-1536x2048.jpg 1536w, https:\/\/florianlelay.ovh\/wp-content\/uploads\/2021\/09\/jouet3-1-scaled.jpg 1920w\" sizes=\"(max-width: 768px) 100vw, 768px\" \/><\/figure><\/li><\/ul><\/figure>\n\n\n\n<h2>Chouchou et panier<\/h2>\n\n\n\n<figure class=\"wp-block-gallery columns-2 is-cropped\"><ul class=\"blocks-gallery-grid\"><li class=\"blocks-gallery-item\"><figure><img loading=\"lazy\" width=\"768\" height=\"1024\" src=\"https:\/\/florianlelay.ovh\/wp-content\/uploads\/2021\/09\/chouchou-1-768x1024.jpg\" alt=\"\" data-id=\"86\" data-full-url=\"https:\/\/florianlelay.ovh\/wp-content\/uploads\/2021\/09\/chouchou-1-scaled.jpg\" data-link=\"https:\/\/florianlelay.ovh\/?attachment_id=86\" class=\"wp-image-86\" srcset=\"https:\/\/florianlelay.ovh\/wp-content\/uploads\/2021\/09\/chouchou-1-768x1024.jpg 768w, https:\/\/florianlelay.ovh\/wp-content\/uploads\/2021\/09\/chouchou-1-225x300.jpg 225w, https:\/\/florianlelay.ovh\/wp-content\/uploads\/2021\/09\/chouchou-1-1152x1536.jpg 1152w, https:\/\/florianlelay.ovh\/wp-content\/uploads\/2021\/09\/chouchou-1-1536x2048.jpg 1536w, https:\/\/florianlelay.ovh\/wp-content\/uploads\/2021\/09\/chouchou-1-scaled.jpg 1920w\" sizes=\"(max-width: 768px) 100vw, 768px\" \/><\/figure><\/li><li class=\"blocks-gallery-item\"><figure><img loading=\"lazy\" width=\"1024\" height=\"768\" src=\"https:\/\/florianlelay.ovh\/wp-content\/uploads\/2021\/09\/panier-3-1024x768.jpg\" alt=\"\" data-id=\"87\" data-full-url=\"https:\/\/florianlelay.ovh\/wp-content\/uploads\/2021\/09\/panier-3-scaled.jpg\" data-link=\"https:\/\/florianlelay.ovh\/?attachment_id=87\" class=\"wp-image-87\" srcset=\"https:\/\/florianlelay.ovh\/wp-content\/uploads\/2021\/09\/panier-3-1024x768.jpg 1024w, https:\/\/florianlelay.ovh\/wp-content\/uploads\/2021\/09\/panier-3-300x225.jpg 300w, https:\/\/florianlelay.ovh\/wp-content\/uploads\/2021\/09\/panier-3-768x576.jpg 768w, https:\/\/florianlelay.ovh\/wp-content\/uploads\/2021\/09\/panier-3-1536x1152.jpg 1536w, https:\/\/florianlelay.ovh\/wp-content\/uploads\/2021\/09\/panier-3-2048x1536.jpg 2048w\" sizes=\"(max-width: 1024px) 100vw, 1024px\" \/><\/figure><\/li><\/ul><\/figure>\n\n\n\n<h2>Cadeaux naissance<\/h2>\n\n\n\n<figure class=\"wp-block-gallery columns-3 is-cropped\"><ul class=\"blocks-gallery-grid\"><li class=\"blocks-gallery-item\"><figure><img loading=\"lazy\" width=\"768\" height=\"1024\" src=\"https:\/\/florianlelay.ovh\/wp-content\/uploads\/2021\/09\/IMG_20200908_165514-2-768x1024.jpg\" alt=\"\" data-id=\"91\" data-full-url=\"https:\/\/florianlelay.ovh\/wp-content\/uploads\/2021\/09\/IMG_20200908_165514-2-scaled.jpg\" data-link=\"https:\/\/florianlelay.ovh\/?attachment_id=91\" class=\"wp-image-91\" srcset=\"https:\/\/florianlelay.ovh\/wp-content\/uploads\/2021\/09\/IMG_20200908_165514-2-768x1024.jpg 768w, https:\/\/florianlelay.ovh\/wp-content\/uploads\/2021\/09\/IMG_20200908_165514-2-225x300.jpg 225w, https:\/\/florianlelay.ovh\/wp-content\/uploads\/2021\/09\/IMG_20200908_165514-2-1152x1536.jpg 1152w, https:\/\/florianlelay.ovh\/wp-content\/uploads\/2021\/09\/IMG_20200908_165514-2-1536x2048.jpg 1536w, https:\/\/florianlelay.ovh\/wp-content\/uploads\/2021\/09\/IMG_20200908_165514-2-scaled.jpg 1920w\" sizes=\"(max-width: 768px) 100vw, 768px\" \/><\/figure><\/li><li class=\"blocks-gallery-item\"><figure><img loading=\"lazy\" width=\"768\" height=\"1024\" src=\"https:\/\/florianlelay.ovh\/wp-content\/uploads\/2021\/09\/sortiedouche-3-768x1024.jpeg\" alt=\"\" data-id=\"98\" data-full-url=\"https:\/\/florianlelay.ovh\/wp-content\/uploads\/2021\/09\/sortiedouche-3.jpeg\" data-link=\"https:\/\/florianlelay.ovh\/?attachment_id=98\" class=\"wp-image-98\" srcset=\"https:\/\/florianlelay.ovh\/wp-content\/uploads\/2021\/09\/sortiedouche-3-768x1024.jpeg 768w, https:\/\/florianlelay.ovh\/wp-content\/uploads\/2021\/09\/sortiedouche-3-225x300.jpeg 225w, https:\/\/florianlelay.ovh\/wp-content\/uploads\/2021\/09\/sortiedouche-3-1152x1536.jpeg 1152w, https:\/\/florianlelay.ovh\/wp-content\/uploads\/2021\/09\/sortiedouche-3.jpeg 1536w\" sizes=\"(max-width: 768px) 100vw, 768px\" \/><\/figure><\/li><li class=\"blocks-gallery-item\"><figure><img loading=\"lazy\" width=\"768\" height=\"1024\" src=\"https:\/\/florianlelay.ovh\/wp-content\/uploads\/2021\/09\/tete-2-768x1024.jpg\" alt=\"\" data-id=\"104\" data-full-url=\"https:\/\/florianlelay.ovh\/wp-content\/uploads\/2021\/09\/tete-2-scaled.jpg\" data-link=\"https:\/\/florianlelay.ovh\/?attachment_id=104\" class=\"wp-image-104\" srcset=\"https:\/\/florianlelay.ovh\/wp-content\/uploads\/2021\/09\/tete-2-768x1024.jpg 768w, https:\/\/florianlelay.ovh\/wp-content\/uploads\/2021\/09\/tete-2-225x300.jpg 225w, https:\/\/florianlelay.ovh\/wp-content\/uploads\/2021\/09\/tete-2-1152x1536.jpg 1152w, https:\/\/florianlelay.ovh\/wp-content\/uploads\/2021\/09\/tete-2-1536x2048.jpg 1536w, https:\/\/florianlelay.ovh\/wp-content\/uploads\/2021\/09\/tete-2-scaled.jpg 1920w\" sizes=\"(max-width: 768px) 100vw, 768px\" \/><\/figure><\/li><\/ul><\/figure>\n\n\n\n<h2>Robes<\/h2>\n\n\n\n<figure class=\"wp-block-gallery columns-3 is-cropped\"><ul class=\"blocks-gallery-grid\"><li class=\"blocks-gallery-item\"><figure><img loading=\"lazy\" width=\"768\" height=\"1024\" src=\"https:\/\/florianlelay.ovh\/wp-content\/uploads\/2021\/09\/robebordeau-2-768x1024.jpg\" alt=\"\" data-id=\"88\" data-full-url=\"https:\/\/florianlelay.ovh\/wp-content\/uploads\/2021\/09\/robebordeau-2-scaled.jpg\" data-link=\"https:\/\/florianlelay.ovh\/?attachment_id=88\" class=\"wp-image-88\" srcset=\"https:\/\/florianlelay.ovh\/wp-content\/uploads\/2021\/09\/robebordeau-2-768x1024.jpg 768w, https:\/\/florianlelay.ovh\/wp-content\/uploads\/2021\/09\/robebordeau-2-225x300.jpg 225w, https:\/\/florianlelay.ovh\/wp-content\/uploads\/2021\/09\/robebordeau-2-1152x1536.jpg 1152w, https:\/\/florianlelay.ovh\/wp-content\/uploads\/2021\/09\/robebordeau-2-1536x2048.jpg 1536w, https:\/\/florianlelay.ovh\/wp-content\/uploads\/2021\/09\/robebordeau-2-scaled.jpg 1920w\" sizes=\"(max-width: 768px) 100vw, 768px\" \/><\/figure><\/li><li class=\"blocks-gallery-item\"><figure><img loading=\"lazy\" width=\"768\" height=\"1024\" src=\"https:\/\/florianlelay.ovh\/wp-content\/uploads\/2021\/09\/robeboredeaumotif-2-768x1024.jpg\" alt=\"\" data-id=\"89\" data-full-url=\"https:\/\/florianlelay.ovh\/wp-content\/uploads\/2021\/09\/robeboredeaumotif-2-scaled.jpg\" data-link=\"https:\/\/florianlelay.ovh\/?attachment_id=89\" class=\"wp-image-89\" srcset=\"https:\/\/florianlelay.ovh\/wp-content\/uploads\/2021\/09\/robeboredeaumotif-2-768x1024.jpg 768w, https:\/\/florianlelay.ovh\/wp-content\/uploads\/2021\/09\/robeboredeaumotif-2-225x300.jpg 225w, https:\/\/florianlelay.ovh\/wp-content\/uploads\/2021\/09\/robeboredeaumotif-2-1152x1536.jpg 1152w, https:\/\/florianlelay.ovh\/wp-content\/uploads\/2021\/09\/robeboredeaumotif-2-1536x2048.jpg 1536w, https:\/\/florianlelay.ovh\/wp-content\/uploads\/2021\/09\/robeboredeaumotif-2-scaled.jpg 1920w\" sizes=\"(max-width: 768px) 100vw, 768px\" \/><\/figure><\/li><li class=\"blocks-gallery-item\"><figure><img loading=\"lazy\" width=\"768\" height=\"1024\" src=\"https:\/\/florianlelay.ovh\/wp-content\/uploads\/2021\/09\/robeemeeraude-2-768x1024.jpg\" alt=\"\" data-id=\"92\" data-full-url=\"https:\/\/florianlelay.ovh\/wp-content\/uploads\/2021\/09\/robeemeeraude-2-scaled.jpg\" data-link=\"https:\/\/florianlelay.ovh\/?attachment_id=92\" class=\"wp-image-92\" srcset=\"https:\/\/florianlelay.ovh\/wp-content\/uploads\/2021\/09\/robeemeeraude-2-768x1024.jpg 768w, https:\/\/florianlelay.ovh\/wp-content\/uploads\/2021\/09\/robeemeeraude-2-225x300.jpg 225w, https:\/\/florianlelay.ovh\/wp-content\/uploads\/2021\/09\/robeemeeraude-2-1152x1536.jpg 1152w, https:\/\/florianlelay.ovh\/wp-content\/uploads\/2021\/09\/robeemeeraude-2-1536x2048.jpg 1536w, https:\/\/florianlelay.ovh\/wp-content\/uploads\/2021\/09\/robeemeeraude-2-scaled.jpg 1920w\" sizes=\"(max-width: 768px) 100vw, 768px\" \/><\/figure><\/li><\/ul><\/figure>\n\n\n\n<h2>Masques en tissu et lingettes d\u00e9maquillantes<\/h2>\n\n\n\n<figure class=\"wp-block-gallery columns-3 is-cropped\"><ul class=\"blocks-gallery-grid\"><li class=\"blocks-gallery-item\"><figure><img loading=\"lazy\" width=\"1024\" height=\"768\" src=\"https:\/\/florianlelay.ovh\/wp-content\/uploads\/2021\/09\/lingettes-2-1024x768.jpg\" alt=\"\" data-id=\"105\" data-full-url=\"https:\/\/florianlelay.ovh\/wp-content\/uploads\/2021\/09\/lingettes-2-scaled.jpg\" data-link=\"https:\/\/florianlelay.ovh\/?attachment_id=105\" class=\"wp-image-105\" srcset=\"https:\/\/florianlelay.ovh\/wp-content\/uploads\/2021\/09\/lingettes-2-1024x768.jpg 1024w, https:\/\/florianlelay.ovh\/wp-content\/uploads\/2021\/09\/lingettes-2-300x225.jpg 300w, https:\/\/florianlelay.ovh\/wp-content\/uploads\/2021\/09\/lingettes-2-768x576.jpg 768w, https:\/\/florianlelay.ovh\/wp-content\/uploads\/2021\/09\/lingettes-2-1536x1152.jpg 1536w, https:\/\/florianlelay.ovh\/wp-content\/uploads\/2021\/09\/lingettes-2-2048x1536.jpg 2048w\" sizes=\"(max-width: 1024px) 100vw, 1024px\" \/><\/figure><\/li><li class=\"blocks-gallery-item\"><figure><img loading=\"lazy\" width=\"1024\" height=\"768\" src=\"https:\/\/florianlelay.ovh\/wp-content\/uploads\/2021\/09\/panier-4-1024x768.jpg\" alt=\"\" data-id=\"107\" data-full-url=\"https:\/\/florianlelay.ovh\/wp-content\/uploads\/2021\/09\/panier-4-scaled.jpg\" data-link=\"https:\/\/florianlelay.ovh\/?attachment_id=107\" class=\"wp-image-107\" srcset=\"https:\/\/florianlelay.ovh\/wp-content\/uploads\/2021\/09\/panier-4-1024x768.jpg 1024w, https:\/\/florianlelay.ovh\/wp-content\/uploads\/2021\/09\/panier-4-300x225.jpg 300w, https:\/\/florianlelay.ovh\/wp-content\/uploads\/2021\/09\/panier-4-768x576.jpg 768w, https:\/\/florianlelay.ovh\/wp-content\/uploads\/2021\/09\/panier-4-1536x1152.jpg 1536w, https:\/\/florianlelay.ovh\/wp-content\/uploads\/2021\/09\/panier-4-2048x1536.jpg 2048w\" sizes=\"(max-width: 1024px) 100vw, 1024px\" \/><\/figure><\/li><li class=\"blocks-gallery-item\"><figure><img loading=\"lazy\" width=\"768\" height=\"1024\" src=\"https:\/\/florianlelay.ovh\/wp-content\/uploads\/2021\/09\/panier2-2-768x1024.jpg\" alt=\"\" data-id=\"109\" data-full-url=\"https:\/\/florianlelay.ovh\/wp-content\/uploads\/2021\/09\/panier2-2-scaled.jpg\" data-link=\"https:\/\/florianlelay.ovh\/?attachment_id=109\" class=\"wp-image-109\" srcset=\"https:\/\/florianlelay.ovh\/wp-content\/uploads\/2021\/09\/panier2-2-768x1024.jpg 768w, https:\/\/florianlelay.ovh\/wp-content\/uploads\/2021\/09\/panier2-2-225x300.jpg 225w, https:\/\/florianlelay.ovh\/wp-content\/uploads\/2021\/09\/panier2-2-1152x1536.jpg 1152w, https:\/\/florianlelay.ovh\/wp-content\/uploads\/2021\/09\/panier2-2-1536x2048.jpg 1536w, https:\/\/florianlelay.ovh\/wp-content\/uploads\/2021\/09\/panier2-2-scaled.jpg 1920w\" sizes=\"(max-width: 768px) 100vw, 768px\" \/><\/figure><\/li><\/ul><\/figure>\n\n\n\n<h2>Objets du quotidien<\/h2>\n\n\n\n<figure class=\"wp-block-gallery columns-3 is-cropped\"><ul class=\"blocks-gallery-grid\"><li class=\"blocks-gallery-item\"><figure><img loading=\"lazy\" width=\"768\" height=\"1024\" src=\"https:\/\/florianlelay.ovh\/wp-content\/uploads\/2021\/09\/bouillotte-2-768x1024.jpg\" alt=\"\" data-id=\"93\" data-full-url=\"https:\/\/florianlelay.ovh\/wp-content\/uploads\/2021\/09\/bouillotte-2-scaled.jpg\" data-link=\"https:\/\/florianlelay.ovh\/?attachment_id=93\" class=\"wp-image-93\" srcset=\"https:\/\/florianlelay.ovh\/wp-content\/uploads\/2021\/09\/bouillotte-2-768x1024.jpg 768w, https:\/\/florianlelay.ovh\/wp-content\/uploads\/2021\/09\/bouillotte-2-225x300.jpg 225w, https:\/\/florianlelay.ovh\/wp-content\/uploads\/2021\/09\/bouillotte-2-1152x1536.jpg 1152w, https:\/\/florianlelay.ovh\/wp-content\/uploads\/2021\/09\/bouillotte-2-1536x2048.jpg 1536w, https:\/\/florianlelay.ovh\/wp-content\/uploads\/2021\/09\/bouillotte-2-scaled.jpg 1920w\" sizes=\"(max-width: 768px) 100vw, 768px\" \/><\/figure><\/li><li class=\"blocks-gallery-item\"><figure><img loading=\"lazy\" width=\"768\" height=\"1024\" src=\"https:\/\/florianlelay.ovh\/wp-content\/uploads\/2021\/09\/essuietout-2-768x1024.jpg\" alt=\"\" data-id=\"100\" data-full-url=\"https:\/\/florianlelay.ovh\/wp-content\/uploads\/2021\/09\/essuietout-2-scaled.jpg\" data-link=\"https:\/\/florianlelay.ovh\/?attachment_id=100\" class=\"wp-image-100\" srcset=\"https:\/\/florianlelay.ovh\/wp-content\/uploads\/2021\/09\/essuietout-2-768x1024.jpg 768w, https:\/\/florianlelay.ovh\/wp-content\/uploads\/2021\/09\/essuietout-2-225x300.jpg 225w, https:\/\/florianlelay.ovh\/wp-content\/uploads\/2021\/09\/essuietout-2-1152x1536.jpg 1152w, https:\/\/florianlelay.ovh\/wp-content\/uploads\/2021\/09\/essuietout-2-1536x2048.jpg 1536w, https:\/\/florianlelay.ovh\/wp-content\/uploads\/2021\/09\/essuietout-2-scaled.jpg 1920w\" sizes=\"(max-width: 768px) 100vw, 768px\" \/><\/figure><\/li><li class=\"blocks-gallery-item\"><figure><img loading=\"lazy\" width=\"768\" height=\"1024\" src=\"https:\/\/florianlelay.ovh\/wp-content\/uploads\/2021\/09\/marquepage-2-768x1024.jpg\" alt=\"\" data-id=\"103\" data-full-url=\"https:\/\/florianlelay.ovh\/wp-content\/uploads\/2021\/09\/marquepage-2-scaled.jpg\" data-link=\"https:\/\/florianlelay.ovh\/?attachment_id=103\" class=\"wp-image-103\" srcset=\"https:\/\/florianlelay.ovh\/wp-content\/uploads\/2021\/09\/marquepage-2-768x1024.jpg 768w, https:\/\/florianlelay.ovh\/wp-content\/uploads\/2021\/09\/marquepage-2-225x300.jpg 225w, https:\/\/florianlelay.ovh\/wp-content\/uploads\/2021\/09\/marquepage-2-1152x1536.jpg 1152w, https:\/\/florianlelay.ovh\/wp-content\/uploads\/2021\/09\/marquepage-2-1536x2048.jpg 1536w, https:\/\/florianlelay.ovh\/wp-content\/uploads\/2021\/09\/marquepage-2-scaled.jpg 1920w\" sizes=\"(max-width: 768px) 100vw, 768px\" \/><\/figure><\/li><\/ul><\/figure>\n\n\n\n<h2>Maroquinerie<\/h2>\n\n\n\n<figure class=\"wp-block-gallery columns-3 is-cropped\"><ul class=\"blocks-gallery-grid\"><li class=\"blocks-gallery-item\"><figure><img loading=\"lazy\" width=\"1024\" height=\"768\" src=\"https:\/\/florianlelay.ovh\/wp-content\/uploads\/2021\/09\/grandsac-2-1024x768.jpg\" alt=\"\" data-id=\"96\" data-full-url=\"https:\/\/florianlelay.ovh\/wp-content\/uploads\/2021\/09\/grandsac-2-scaled.jpg\" data-link=\"https:\/\/florianlelay.ovh\/?attachment_id=96\" class=\"wp-image-96\" srcset=\"https:\/\/florianlelay.ovh\/wp-content\/uploads\/2021\/09\/grandsac-2-1024x768.jpg 1024w, https:\/\/florianlelay.ovh\/wp-content\/uploads\/2021\/09\/grandsac-2-300x225.jpg 300w, https:\/\/florianlelay.ovh\/wp-content\/uploads\/2021\/09\/grandsac-2-768x576.jpg 768w, https:\/\/florianlelay.ovh\/wp-content\/uploads\/2021\/09\/grandsac-2-1536x1152.jpg 1536w, https:\/\/florianlelay.ovh\/wp-content\/uploads\/2021\/09\/grandsac-2-2048x1536.jpg 2048w\" sizes=\"(max-width: 1024px) 100vw, 1024px\" \/><\/figure><\/li><li class=\"blocks-gallery-item\"><figure><img loading=\"lazy\" width=\"1024\" height=\"768\" src=\"https:\/\/florianlelay.ovh\/wp-content\/uploads\/2021\/09\/sac-2-1024x768.jpg\" alt=\"\" data-id=\"102\" data-full-url=\"https:\/\/florianlelay.ovh\/wp-content\/uploads\/2021\/09\/sac-2-scaled.jpg\" data-link=\"https:\/\/florianlelay.ovh\/?attachment_id=102\" class=\"wp-image-102\" srcset=\"https:\/\/florianlelay.ovh\/wp-content\/uploads\/2021\/09\/sac-2-1024x768.jpg 1024w, https:\/\/florianlelay.ovh\/wp-content\/uploads\/2021\/09\/sac-2-300x225.jpg 300w, https:\/\/florianlelay.ovh\/wp-content\/uploads\/2021\/09\/sac-2-768x576.jpg 768w, https:\/\/florianlelay.ovh\/wp-content\/uploads\/2021\/09\/sac-2-1536x1152.jpg 1536w, https:\/\/florianlelay.ovh\/wp-content\/uploads\/2021\/09\/sac-2-2048x1536.jpg 2048w\" sizes=\"(max-width: 1024px) 100vw, 1024px\" \/><\/figure><\/li><li class=\"blocks-gallery-item\"><figure><img loading=\"lazy\" width=\"1024\" height=\"768\" src=\"https:\/\/florianlelay.ovh\/wp-content\/uploads\/2021\/09\/sacamain-2-1024x768.jpg\" alt=\"\" data-id=\"106\" data-full-url=\"https:\/\/florianlelay.ovh\/wp-content\/uploads\/2021\/09\/sacamain-2-scaled.jpg\" data-link=\"https:\/\/florianlelay.ovh\/?attachment_id=106\" class=\"wp-image-106\" srcset=\"https:\/\/florianlelay.ovh\/wp-content\/uploads\/2021\/09\/sacamain-2-1024x768.jpg 1024w, https:\/\/florianlelay.ovh\/wp-content\/uploads\/2021\/09\/sacamain-2-300x225.jpg 300w, https:\/\/florianlelay.ovh\/wp-content\/uploads\/2021\/09\/sacamain-2-768x576.jpg 768w, https:\/\/florianlelay.ovh\/wp-content\/uploads\/2021\/09\/sacamain-2-1536x1152.jpg 1536w, https:\/\/florianlelay.ovh\/wp-content\/uploads\/2021\/09\/sacamain-2-2048x1536.jpg 2048w\" sizes=\"(max-width: 1024px) 100vw, 1024px\" \/><\/figure><\/li><li class=\"blocks-gallery-item\"><figure><img loading=\"lazy\" width=\"768\" height=\"1024\" src=\"https:\/\/florianlelay.ovh\/wp-content\/uploads\/2021\/09\/sacamainouvert-2-768x1024.jpg\" alt=\"\" data-id=\"108\" data-full-url=\"https:\/\/florianlelay.ovh\/wp-content\/uploads\/2021\/09\/sacamainouvert-2-scaled.jpg\" data-link=\"https:\/\/florianlelay.ovh\/?attachment_id=108\" class=\"wp-image-108\" srcset=\"https:\/\/florianlelay.ovh\/wp-content\/uploads\/2021\/09\/sacamainouvert-2-768x1024.jpg 768w, https:\/\/florianlelay.ovh\/wp-content\/uploads\/2021\/09\/sacamainouvert-2-225x300.jpg 225w, https:\/\/florianlelay.ovh\/wp-content\/uploads\/2021\/09\/sacamainouvert-2-1152x1536.jpg 1152w, https:\/\/florianlelay.ovh\/wp-content\/uploads\/2021\/09\/sacamainouvert-2-1536x2048.jpg 1536w, https:\/\/florianlelay.ovh\/wp-content\/uploads\/2021\/09\/sacamainouvert-2-scaled.jpg 1920w\" sizes=\"(max-width: 768px) 100vw, 768px\" \/><\/figure><\/li><li class=\"blocks-gallery-item\"><figure><img loading=\"lazy\" width=\"1024\" height=\"768\" src=\"https:\/\/florianlelay.ovh\/wp-content\/uploads\/2021\/09\/saclingette-2-1024x768.jpg\" alt=\"\" data-id=\"110\" data-full-url=\"https:\/\/florianlelay.ovh\/wp-content\/uploads\/2021\/09\/saclingette-2-scaled.jpg\" data-link=\"https:\/\/florianlelay.ovh\/?attachment_id=110\" class=\"wp-image-110\" srcset=\"https:\/\/florianlelay.ovh\/wp-content\/uploads\/2021\/09\/saclingette-2-1024x768.jpg 1024w, https:\/\/florianlelay.ovh\/wp-content\/uploads\/2021\/09\/saclingette-2-300x225.jpg 300w, https:\/\/florianlelay.ovh\/wp-content\/uploads\/2021\/09\/saclingette-2-768x576.jpg 768w, https:\/\/florianlelay.ovh\/wp-content\/uploads\/2021\/09\/saclingette-2-1536x1152.jpg 1536w, https:\/\/florianlelay.ovh\/wp-content\/uploads\/2021\/09\/saclingette-2-2048x1536.jpg 2048w\" sizes=\"(max-width: 1024px) 100vw, 1024px\" \/><\/figure><\/li><\/ul><\/figure>\n\n\n\n<h2>Sac a douche et sortie de bain<\/h2>\n\n\n\n<figure class=\"wp-block-gallery columns-3 is-cropped\"><ul class=\"blocks-gallery-grid\"><li class=\"blocks-gallery-item\"><figure><img loading=\"lazy\" width=\"768\" height=\"1024\" src=\"https:\/\/florianlelay.ovh\/wp-content\/uploads\/2021\/09\/sacdouche-2-768x1024.jpg\" alt=\"\" data-id=\"95\" data-full-url=\"https:\/\/florianlelay.ovh\/wp-content\/uploads\/2021\/09\/sacdouche-2-scaled.jpg\" data-link=\"https:\/\/florianlelay.ovh\/?attachment_id=95\" class=\"wp-image-95\" srcset=\"https:\/\/florianlelay.ovh\/wp-content\/uploads\/2021\/09\/sacdouche-2-768x1024.jpg 768w, https:\/\/florianlelay.ovh\/wp-content\/uploads\/2021\/09\/sacdouche-2-225x300.jpg 225w, https:\/\/florianlelay.ovh\/wp-content\/uploads\/2021\/09\/sacdouche-2-1152x1536.jpg 1152w, https:\/\/florianlelay.ovh\/wp-content\/uploads\/2021\/09\/sacdouche-2-1536x2048.jpg 1536w, https:\/\/florianlelay.ovh\/wp-content\/uploads\/2021\/09\/sacdouche-2-scaled.jpg 1920w\" sizes=\"(max-width: 768px) 100vw, 768px\" \/><\/figure><\/li><li class=\"blocks-gallery-item\"><figure><img loading=\"lazy\" width=\"768\" height=\"1024\" src=\"https:\/\/florianlelay.ovh\/wp-content\/uploads\/2021\/09\/sacdouchefermeture-2-768x1024.jpg\" alt=\"\" data-id=\"99\" data-full-url=\"https:\/\/florianlelay.ovh\/wp-content\/uploads\/2021\/09\/sacdouchefermeture-2-scaled.jpg\" data-link=\"https:\/\/florianlelay.ovh\/?attachment_id=99\" class=\"wp-image-99\" srcset=\"https:\/\/florianlelay.ovh\/wp-content\/uploads\/2021\/09\/sacdouchefermeture-2-768x1024.jpg 768w, https:\/\/florianlelay.ovh\/wp-content\/uploads\/2021\/09\/sacdouchefermeture-2-225x300.jpg 225w, https:\/\/florianlelay.ovh\/wp-content\/uploads\/2021\/09\/sacdouchefermeture-2-1152x1536.jpg 1152w, https:\/\/florianlelay.ovh\/wp-content\/uploads\/2021\/09\/sacdouchefermeture-2-1536x2048.jpg 1536w, https:\/\/florianlelay.ovh\/wp-content\/uploads\/2021\/09\/sacdouchefermeture-2-scaled.jpg 1920w\" sizes=\"(max-width: 768px) 100vw, 768px\" \/><\/figure><\/li><li class=\"blocks-gallery-item\"><figure><img loading=\"lazy\" width=\"768\" height=\"1024\" src=\"https:\/\/florianlelay.ovh\/wp-content\/uploads\/2021\/09\/sortiedouche-4-768x1024.jpeg\" alt=\"\" data-id=\"101\" data-full-url=\"https:\/\/florianlelay.ovh\/wp-content\/uploads\/2021\/09\/sortiedouche-4.jpeg\" data-link=\"https:\/\/florianlelay.ovh\/?attachment_id=101\" class=\"wp-image-101\" srcset=\"https:\/\/florianlelay.ovh\/wp-content\/uploads\/2021\/09\/sortiedouche-4-768x1024.jpeg 768w, https:\/\/florianlelay.ovh\/wp-content\/uploads\/2021\/09\/sortiedouche-4-225x300.jpeg 225w, https:\/\/florianlelay.ovh\/wp-content\/uploads\/2021\/09\/sortiedouche-4-1152x1536.jpeg 1152w, https:\/\/florianlelay.ovh\/wp-content\/uploads\/2021\/09\/sortiedouche-4.jpeg 1536w\" sizes=\"(max-width: 768px) 100vw, 768px\" \/><\/figure><\/li><\/ul><\/figure>\n","protected":false},"excerpt":{"rendered":"<p>Jouets b\u00e9b\u00e9 et doudou Chouchou et panier Cadeaux naissance Robes Masques en tissu et lingettes d\u00e9maquillantes Objets du quotidien Maroquinerie Sac a douche et sortie de bain<\/p>\n","protected":false},"author":1,"featured_media":0,"parent":0,"menu_order":0,"comment_status":"closed","ping_status":"closed","template":"","meta":{"_monsterinsights_skip_tracking":false,"_monsterinsights_sitenote_active":false,"_monsterinsights_sitenote_note":"","_monsterinsights_sitenote_category":0},"_links":{"self":[{"href":"https:\/\/florianlelay.ovh\/index.php\/wp-json\/wp\/v2\/pages\/84"}],"collection":[{"href":"https:\/\/florianlelay.ovh\/index.php\/wp-json\/wp\/v2\/pages"}],"about":[{"href":"https:\/\/florianlelay.ovh\/index.php\/wp-json\/wp\/v2\/types\/page"}],"author":[{"embeddable":true,"href":"https:\/\/florianlelay.ovh\/index.php\/wp-json\/wp\/v2\/users\/1"}],"replies":[{"embeddable":true,"href":"https:\/\/florianlelay.ovh\/index.php\/wp-json\/wp\/v2\/comments?post=84"}],"version-history":[{"count":2,"href":"https:\/\/florianlelay.ovh\/index.php\/wp-json\/wp\/v2\/pages\/84\/revisions"}],"predecessor-version":[{"id":112,"href":"https:\/\/florianlelay.ovh\/index.php\/wp-json\/wp\/v2\/pages\/84\/revisions\/112"}],"wp:attachment":[{"href":"https:\/\/florianlelay.ovh\/index.php\/wp-json\/wp\/v2\/media?parent=84"}],"curies":[{"name":"wp","href":"https:\/\/api.w.org\/{rel}","templated":true}]}}